{"id":71,"date":"2015-05-18T22:35:07","date_gmt":"2015-05-18T22:35:07","guid":{"rendered":"http:\/\/localhost:8888\/wordpress\/?page_id=71"},"modified":"2024-09-11T18:00:43","modified_gmt":"2024-09-11T18:00:43","slug":"transparencia","status":"publish","type":"page","link":"https:\/\/institucionconfe.org.mx\/index.php\/transparencia\/","title":{"rendered":"Transparencia"},"content":{"rendered":"<p>[et_pb_section bb_built=&#8221;1&#8243; admin_label=&#8221;section&#8221; fullwidth=&#8221;on&#8221; specialty=&#8221;off&#8221;][et_pb_fullwidth_menu global_module=&#8221;1329&#8243; saved_tabs=&#8221;all&#8221; menu_id=&#8221;4&#8243; background_color=&#8221;#06478b&#8221; background_layout=&#8221;dark&#8221; text_orientation=&#8221;left&#8221; submenu_direction=&#8221;downwards&#8221; fullwidth_menu=&#8221;off&#8221; dropdown_menu_animation=&#8221;fade&#8221; menu_font=&#8221;Lato||||&#8221; menu_font_size=&#8221;15px&#8221; \/][\/et_pb_section][et_pb_section bb_built=&#8221;1&#8243; admin_label=&#8221;section&#8221; fullwidth=&#8221;on&#8221; specialty=&#8221;off&#8221; transparent_background=&#8221;off&#8221; background_color=&#8221;#2c589f&#8221; allow_player_pause=&#8221;off&#8221; inner_shadow=&#8221;off&#8221; parallax=&#8221;off&#8221; parallax_method=&#8221;off&#8221; padding_mobile=&#8221;off&#8221; make_fullwidth=&#8221;off&#8221; use_custom_width=&#8221;off&#8221; width_unit=&#8221;on&#8221; make_equal=&#8221;off&#8221; use_custom_gutter=&#8221;off&#8221; gutter_width=&#8221;3&#8243; custom_padding_tablet=&#8221;50px|0|50px|0&#8243; custom_padding_last_edited=&#8221;on|desktop&#8221;][et_pb_fullwidth_header title=&#8221;Transparencia e informes anuales&#8221; background_layout=&#8221;dark&#8221; text_orientation=&#8221;left&#8221; header_fullscreen=&#8221;off&#8221; header_scroll_down=&#8221;off&#8221; parallax=&#8221;off&#8221; parallax_method=&#8221;off&#8221; content_orientation=&#8221;center&#8221; image_orientation=&#8221;center&#8221; custom_button_one=&#8221;off&#8221; button_one_text_size=&#8221;20&#8243; button_one_border_width=&#8221;2&#8243; button_one_border_radius=&#8221;3&#8243; button_one_letter_spacing=&#8221;0&#8243; button_one_use_icon=&#8221;default&#8221; button_one_icon_placement=&#8221;right&#8221; button_one_on_hover=&#8221;on&#8221; button_one_border_radius_hover=&#8221;3&#8243; button_one_letter_spacing_hover=&#8221;0&#8243; custom_button_two=&#8221;off&#8221; button_two_text_size=&#8221;20&#8243; button_two_border_width=&#8221;2&#8243; button_two_border_radius=&#8221;3&#8243; button_two_letter_spacing=&#8221;0&#8243; button_two_use_icon=&#8221;default&#8221; button_two_icon_placement=&#8221;right&#8221; button_two_on_hover=&#8221;on&#8221; button_two_border_radius_hover=&#8221;3&#8243; button_two_letter_spacing_hover=&#8221;0&#8243; background_url=&#8221;http:\/\/confe.org\/wp\/wp-content\/uploads\/2015\/05\/quienes-somos.jpg&#8221; background_image=&#8221;http:\/\/confe.org\/wp\/wp-content\/uploads\/2015\/05\/quienes-somos.jpg&#8221; _builder_version=&#8221;3.0.85&#8243; \/][\/et_pb_section][et_pb_section bb_built=&#8221;1&#8243; fullwidth=&#8221;off&#8221; specialty=&#8221;off&#8221;][et_pb_row background_position=&#8221;top_left&#8221; background_repeat=&#8221;repeat&#8221; background_size=&#8221;initial&#8221;][et_pb_column type=&#8221;1_4&#8243;][et_pb_text global_module=&#8221;1656&#8243; saved_tabs=&#8221;all&#8221; background_layout=&#8221;light&#8221; module_class=&#8221;mayusculas azul&#8221; text_font=&#8221;Lato|on|||&#8221; text_font_size=&#8221;15&#8243; module_alignment=&#8221;left&#8221; background_position=&#8221;top_left&#8221; background_repeat=&#8221;repeat&#8221; background_size=&#8221;initial&#8221; _builder_version=&#8221;3.0.85&#8243;]<\/p>\n<h4 class=\"no_transform borde_inferior_azul\">Men\u00fa <span class=\"azul_span\">nosotros<\/span><\/h4>\n<p style=\"margin-top: 15px;\"><a href=\"https:\/\/institucionconfe.org.mx\/index.php\/quienes-somos\/\">\u00bfQui\u00e9nes somos?<\/a><\/p>\n<p><a href=\"https:\/\/institucionconfe.org.mx\/index.php\/que-es-la-discapacidad-intelectual\/\">\u00bfQu\u00e9 es la discapacidad intelectual?<\/a><\/p>\n<p><a href=\"https:\/\/institucionconfe.org.mx\/index.php\/historia\/\">Historia<\/a><\/p>\n<p><a href=\"https:\/\/institucionconfe.org.mx\/index.php\/transparencia\/\">Transparencia<\/a><\/p>\n<p>[\/et_pb_text][et_pb_slider show_arrows=&#8221;off&#8221; show_pagination=&#8221;off&#8221; auto=&#8221;on&#8221; auto_ignore_hover=&#8221;off&#8221; parallax=&#8221;off&#8221; parallax_method=&#8221;off&#8221; remove_inner_shadow=&#8221;off&#8221; background_position=&#8221;default&#8221; background_size=&#8221;default&#8221; hide_content_on_mobile=&#8221;off&#8221; hide_cta_on_mobile=&#8221;off&#8221; show_image_video_mobile=&#8221;off&#8221; header_font_size=&#8221;18&#8243; body_font_size=&#8221;16&#8243; custom_button=&#8221;on&#8221; button_text_size=&#8221;20&#8243; button_border_width=&#8221;3&#8243; button_border_radius=&#8221;7&#8243; button_letter_spacing=&#8221;0&#8243; button_use_icon=&#8221;default&#8221; button_icon_placement=&#8221;right&#8221; button_on_hover=&#8221;on&#8221; button_border_radius_hover=&#8221;0&#8243; button_letter_spacing_hover=&#8221;0&#8243; auto_speed=&#8221;3000&#8243; button_font=&#8221;Gloria Hallelujah||||&#8221; header_text_color=&#8221;#06478b&#8221; button_icon=&#8221;%%141%%&#8221; button_border_color=&#8221;#ffffff&#8221; module_class=&#8221;sombraTextosDark&#8221; saved_tabs=&#8221;all&#8221; global_module=&#8221;2895&#8243; show_inner_shadow=&#8221;off&#8221; show_content_on_mobile=&#8221;off&#8221; show_cta_on_mobile=&#8221;off&#8221;]<\/p>\n<p>[et_pb_slide heading=&#8221;Tu donaci\u00f3n es indispensable&#8221; background_position=&#8221;default&#8221; background_size=&#8221;default&#8221; alignment=&#8221;center&#8221; background_layout=&#8221;light&#8221; allow_player_pause=&#8221;off&#8221; header_font_select=&#8221;default&#8221; body_font_select=&#8221;default&#8221; custom_button=&#8221;on&#8221; button_font_select=&#8221;default&#8221; button_use_icon=&#8221;on&#8221; button_icon_placement=&#8221;right&#8221; button_on_hover=&#8221;on&#8221; background_image=&#8221;http:\/\/confe.org\/wp\/wp-content\/uploads\/2015\/06\/dona-llamado-accion13.jpg&#8221; background_color=&#8221;#ffffff&#8221; button_text=&#8221;Dona&#8221; button_link=&#8221;http:\/\/confe.org\/wp\/index.php\/dona\/&#8221; button_text_color=&#8221;#ffffff&#8221; button_bg_color=&#8221;#06478b&#8221; body_font_size=&#8221;2&#8243; body_text_color=&#8221;#06478b&#8221; button_border_width=&#8221;2&#8243; button_border_color=&#8221;#ffffff&#8221; button_icon=&#8221;%%257%%&#8221; button_icon_color=&#8221;#ffffff&#8221; button_border_radius=&#8221;3&#8243;][\/et_pb_slide][et_pb_slide heading=&#8221;Muchos te lo agradecer\u00e1n&#8221; background_image=&#8221;http:\/\/confe.org\/wp\/wp-content\/uploads\/2015\/06\/dona-llamado-accion23.jpg&#8221; background_position=&#8221;default&#8221; background_size=&#8221;default&#8221; background_color=&#8221;#ffffff&#8221; alignment=&#8221;center&#8221; background_layout=&#8221;light&#8221; allow_player_pause=&#8221;off&#8221; header_font_select=&#8221;default&#8221; body_font_select=&#8221;default&#8221; custom_button=&#8221;on&#8221; button_font_select=&#8221;default&#8221; button_use_icon=&#8221;default&#8221; button_icon_placement=&#8221;right&#8221; button_on_hover=&#8221;on&#8221; button_text=&#8221;Dona&#8221; button_link=&#8221;http:\/\/confe.org\/wp\/index.php\/dona\/&#8221; button_text_color=&#8221;#ffffff&#8221; button_bg_color=&#8221;#06478b&#8221; button_icon=&#8221;%%257%%&#8221; button_border_width=&#8221;2&#8243; button_border_color=&#8221;#ffffff&#8221; button_border_radius=&#8221;0&#8243;][\/et_pb_slide]<\/p>\n<p>[\/et_pb_slider][\/et_pb_column][et_pb_column type=&#8221;3_4&#8243;][et_pb_text admin_label=&#8221;Qui\u00e9nes somos &#8211; Transparencia&#8221; background_layout=&#8221;light&#8221; module_class=&#8221;azul&#8221; module_alignment=&#8221;left&#8221; background_position=&#8221;top_left&#8221; background_repeat=&#8221;repeat&#8221; background_size=&#8221;initial&#8221; _builder_version=&#8221;3.0.85&#8243;]<\/p>\n<h1>Transparencia e <span class=\"azul_span\">informes anuales<\/span><\/h1>\n<ul class=\"listas mt15\">\n<li>Contamos con estatutos p\u00fablicos que regulan nuestro funcionamiento.<\/li>\n<li>Promocionamos abiertamente que nuestro fin es social y sin \u00e1nimos de lucro.<\/li>\n<li>Exponemos p\u00fablicamente nuestros planes de trabajo y su seguimiento.<\/li>\n<li>Hacemos transparentes las donaciones que se nos hacen.<\/li>\n<li>Buscamos la pluralidad en las fuentes de financiamiento.<\/li>\n<li>Rendimos cuentas a la sociedad y al gobierno, seg\u00fan lo dispone la Ley Federal de Fomento a las Actividades Realizadas por Organizaciones de la Sociedad Civil (estamos registrados en el Registro Federal de las Organizaciones de la Sociedad Civil con la clave \u00fanica de inscripci\u00f3n ICF89090809011; para m\u00e1s detalles, visita el sitio <a href=\"http:\/\/166.78.45.36\/portal\/?cluni=&amp;nombre=&amp;acronimo=confe&amp;rfc=&amp;status_osc=&amp;status_sancion=&amp;figura_juridica=&amp;estado=&amp;municipio=&amp;asentamiento=&amp;cp=&amp;rep_nombre=&amp;rep_apaterno=&amp;rep_amaterno=&amp;num_notaria=&amp;objeto_social=&amp;red=&amp;advanced=\">www.corresponsabilidad.gob.mx<\/a> y b\u00fascanos por esa clave o por CONFE).<\/li>\n<\/ul>\n<p>Contacto para asuntos relacionados a la <strong>transparencia<\/strong>:<br \/>\nTel\u00e9fonos: <a href=\"tel:5552921390\">5292 1390<\/a> y <a href=\"tel:5552921392\">5292 1392<\/a>, <a href=\"mailto:carolina-martinez@confe.org\">carolina-martinez@confe.org<\/a><\/p>\n<h1 style=\"margin-top: 40px;\">Informes anuales <span class=\"azul_span\">CONFE I.A.P.<\/span><\/h1>\n<ul class=\"listas mt15\">\n<li>Informe 2023 <strong>(<a href=\"https:\/\/institucionconfe.org.mx\/wp-content\/uploads\/2024\/09\/I_A_P_INFORME_ANUAL_2023.pdf\" target=\"_blank\" rel=\"noopener noreferrer\">INFORME_CONFE_2023<\/a>)<\/strong><\/li>\n<li>Informe 2022 <strong>(<a href=\"https:\/\/institucionconfe.org.mx\/wp-content\/uploads\/2023\/07\/IAP-INFORMEANUALCONFE2022.pdf\" target=\"_blank\" rel=\"noopener noreferrer\">INFORME_CONFE_2022<\/a>)<\/strong><\/li>\n<li>Informe 2021 <strong>(<a href=\"https:\/\/institucionconfe.org.mx\/wp-content\/uploads\/2022\/05\/INFORME_ANUAL_CONFE_2021.pdf\" target=\"_blank\" rel=\"noopener noreferrer\">INFORME_CONFE_2021<\/a>)<\/strong><\/li>\n<li>Informe 2020 <strong>(<a href=\"https:\/\/institucionconfe.org.mx\/wp-content\/uploads\/2022\/05\/INFORMEANUALCONFE2020.pdf\" target=\"_blank\" rel=\"noopener noreferrer\">INFORME_CONFE_2020<\/a>)<\/strong><\/li>\n<li>Informe 2020 en ingl\u00e9s <strong> (<a href=\"https:\/\/institucionconfe.org.mx\/wp-content\/uploads\/2022\/05\/ANNUALREPORTCONFE2020.pdf\" target=\"_blank\" rel=\"noopener noreferrer\">INFORME_CONFE_2020<\/a>)<\/strong><\/li>\n<li>Informe 2019 <strong>(<a href=\"https:\/\/institucionconfe.org.mx\/wp-content\/uploads\/2020\/06\/INFORME2019.pdf\" target=\"_blank\" rel=\"noopener noreferrer\">INFORME_CONFE_2019<\/a>)<\/strong><\/li>\n<li>Informe 2019 en ingl\u00e9s<strong> (<a href=\"https:\/\/institucionconfe.org.mx\/wp-content\/uploads\/2020\/06\/ANNUALREPORT2019.pdf\" target=\"_blank\" rel=\"noopener noreferrer\">INFORME_CONFE_2019<\/a>)<\/strong><\/li>\n<li>Informe 2018 <strong>(<a href=\"https:\/\/institucionconfe.org.mx\/wp-content\/uploads\/2020\/02\/INFORMEANUAL2018.pdf\" target=\"_blank\" rel=\"noopener noreferrer\">INFORME_CONFE_2018<\/a>)<\/strong><\/li>\n<li>Informe 2017 <strong>(<a href=\"https:\/\/institucionconfe.org.mx\/wp-content\/uploads\/2015\/05\/INFORME_CONFE_2017.pdf\" target=\"_blank\" rel=\"noopener noreferrer\">INFORME_CONFE_2017<\/a>)<\/strong><\/li>\n<li>Informe 2015 <a href=\"http:\/\/confe.org\/wp-content\/uploads\/2016\/10\/IAP.pdf\"><strong>Instituci\u00f3n_CONFE_2015.PDF<\/strong><\/a><\/li>\n<li>Informe 2014 <a href=\"http:\/\/confe.org\/wp-content\/uploads\/2016\/10\/https:\/\/institucionconfe.org.mx\/wp-content\/uploads\/2016\/10\/Informe-Anual-2014-Institucion-Confe-IAP.pdf\"><strong>Instituci\u00f3n_CONFE_2014.PDF<\/strong><\/a><\/li>\n<\/ul>\n<p>[\/et_pb_text][\/et_pb_column][\/et_pb_row][\/et_pb_section][et_pb_section bb_built=&#8221;1&#8243; admin_label=&#8221;section&#8221; fullwidth=&#8221;on&#8221; specialty=&#8221;off&#8221; transparent_background=&#8221;off&#8221; background_color=&#8221;#f2f2f2&#8243; allow_player_pause=&#8221;off&#8221; inner_shadow=&#8221;off&#8221; parallax=&#8221;off&#8221; parallax_method=&#8221;off&#8221; padding_mobile=&#8221;off&#8221; module_class=&#8221;centrar&#8221; make_fullwidth=&#8221;off&#8221; use_custom_width=&#8221;off&#8221; width_unit=&#8221;on&#8221; make_equal=&#8221;off&#8221; use_custom_gutter=&#8221;off&#8221; gutter_width=&#8221;3&#8243; custom_padding_tablet=&#8221;50px|0|50px|0&#8243; custom_padding_last_edited=&#8221;on|desktop&#8221;][et_pb_fullwidth_header title=&#8221;Lo normal es un trato normal. Este es nuestro lema: \u00a1hazlo tuyo!&#8221; subhead=&#8221;Nuestra meta, lograr que las personas con discapacidad intelectual reciban un trato normal que les permita sentirse integrantes dignos de la comunidad.&#8221; background_layout=&#8221;light&#8221; text_orientation=&#8221;left&#8221; header_fullscreen=&#8221;off&#8221; header_scroll_down=&#8221;off&#8221; background_url=&#8221;http:\/\/confe.org\/wp\/wp-content\/uploads\/2015\/05\/portada-fondo3.jpg&#8221; parallax=&#8221;off&#8221; parallax_method=&#8221;off&#8221; content_orientation=&#8221;center&#8221; image_orientation=&#8221;center&#8221; custom_button_one=&#8221;off&#8221; button_one_text_size=&#8221;20&#8243; button_one_border_width=&#8221;2&#8243; button_one_border_radius=&#8221;3&#8243; button_one_letter_spacing=&#8221;0&#8243; button_one_use_icon=&#8221;default&#8221; button_one_icon_placement=&#8221;right&#8221; button_one_on_hover=&#8221;on&#8221; button_one_border_radius_hover=&#8221;3&#8243; button_one_letter_spacing_hover=&#8221;0&#8243; custom_button_two=&#8221;off&#8221; button_two_text_size=&#8221;20&#8243; button_two_border_width=&#8221;2&#8243; button_two_border_radius=&#8221;3&#8243; button_two_letter_spacing=&#8221;0&#8243; button_two_use_icon=&#8221;default&#8221; button_two_icon_placement=&#8221;right&#8221; button_two_on_hover=&#8221;on&#8221; button_two_border_radius_hover=&#8221;3&#8243; button_two_letter_spacing_hover=&#8221;0&#8243; custom_css_header_container=&#8221;text-align:center !important;&#8221; module_id=&#8221;centrar&#8221; background_image=&#8221;http:\/\/confe.org\/wp\/wp-content\/uploads\/2015\/05\/portada-fondo3.jpg&#8221; _builder_version=&#8221;3.0.85&#8243; \/][\/et_pb_section]<\/p>\n","protected":false},"excerpt":{"rendered":"<p>Men\u00fa nosotros \u00bfQui\u00e9nes somos? \u00bfQu\u00e9 es la discapacidad intelectual? Historia Transparencia Transparencia e informes anuales Contamos con estatutos p\u00fablicos que regulan nuestro funcionamiento. Promocionamos abiertamente que nuestro fin es social y sin \u00e1nimos de lucro. Exponemos p\u00fablicamente nuestros planes de trabajo y su seguimiento. Hacemos transparentes las donaciones que se nos hacen. Buscamos la pluralidad [&hellip;]<\/p>\n","protected":false},"author":1,"featured_media":0,"parent":0,"menu_order":0,"comment_status":"open","ping_status":"open","template":"","meta":{"_et_pb_use_builder":"on","_et_pb_old_content":"","_et_gb_content_width":"","footnotes":""},"class_list":["post-71","page","type-page","status-publish","hentry"],"_links":{"self":[{"href":"https:\/\/institucionconfe.org.mx\/index.php\/wp-json\/wp\/v2\/pages\/71","targetHints":{"allow":["GET"]}}],"collection":[{"href":"https:\/\/institucionconfe.org.mx\/index.php\/wp-json\/wp\/v2\/pages"}],"about":[{"href":"https:\/\/institucionconfe.org.mx\/index.php\/wp-json\/wp\/v2\/types\/page"}],"author":[{"embeddable":true,"href":"https:\/\/institucionconfe.org.mx\/index.php\/wp-json\/wp\/v2\/users\/1"}],"replies":[{"embeddable":true,"href":"https:\/\/institucionconfe.org.mx\/index.php\/wp-json\/wp\/v2\/comments?post=71"}],"version-history":[{"count":52,"href":"https:\/\/institucionconfe.org.mx\/index.php\/wp-json\/wp\/v2\/pages\/71\/revisions"}],"predecessor-version":[{"id":8031,"href":"https:\/\/institucionconfe.org.mx\/index.php\/wp-json\/wp\/v2\/pages\/71\/revisions\/8031"}],"wp:attachment":[{"href":"https:\/\/institucionconfe.org.mx\/index.php\/wp-json\/wp\/v2\/media?parent=71"}],"curies":[{"name":"wp","href":"https:\/\/api.w.org\/{rel}","templated":true}]}}