{"id":67,"date":"2015-05-18T22:25:37","date_gmt":"2015-05-18T22:25:37","guid":{"rendered":"http:\/\/localhost:8888\/wordpress\/?page_id=67"},"modified":"2020-07-20T15:24:37","modified_gmt":"2020-07-20T15:24:37","slug":"historia","status":"publish","type":"page","link":"https:\/\/institucionconfe.org.mx\/index.php\/historia\/","title":{"rendered":"Historia"},"content":{"rendered":"<p>[et_pb_section bb_built=&#8221;1&#8243; admin_label=&#8221;section&#8221; fullwidth=&#8221;on&#8221; specialty=&#8221;off&#8221;][et_pb_fullwidth_menu global_module=&#8221;1329&#8243; saved_tabs=&#8221;all&#8221; menu_id=&#8221;4&#8243; background_color=&#8221;#06478b&#8221; background_layout=&#8221;dark&#8221; text_orientation=&#8221;left&#8221; submenu_direction=&#8221;downwards&#8221; fullwidth_menu=&#8221;off&#8221; dropdown_menu_animation=&#8221;fade&#8221; menu_font=&#8221;Lato|on|||&#8221; menu_font_size=&#8221;16px&#8221; \/][\/et_pb_section][et_pb_section bb_built=&#8221;1&#8243; admin_label=&#8221;section&#8221; fullwidth=&#8221;on&#8221; specialty=&#8221;off&#8221; transparent_background=&#8221;off&#8221; background_color=&#8221;#2c589f&#8221; allow_player_pause=&#8221;off&#8221; inner_shadow=&#8221;off&#8221; parallax=&#8221;off&#8221; parallax_method=&#8221;off&#8221; padding_mobile=&#8221;off&#8221; make_fullwidth=&#8221;off&#8221; use_custom_width=&#8221;off&#8221; width_unit=&#8221;on&#8221; make_equal=&#8221;off&#8221; use_custom_gutter=&#8221;off&#8221; gutter_width=&#8221;3&#8243; custom_padding_tablet=&#8221;50px|0|50px|0&#8243; custom_padding_last_edited=&#8221;on|desktop&#8221;][et_pb_fullwidth_header title=&#8221;Historia&#8221; background_layout=&#8221;dark&#8221; text_orientation=&#8221;left&#8221; header_fullscreen=&#8221;off&#8221; header_scroll_down=&#8221;off&#8221; background_url=&#8221;http:\/\/confe.org\/wp\/wp-content\/uploads\/2015\/05\/quienes-somos.jpg&#8221; parallax=&#8221;off&#8221; parallax_method=&#8221;off&#8221; content_orientation=&#8221;center&#8221; image_orientation=&#8221;center&#8221; custom_button_one=&#8221;off&#8221; button_one_text_size=&#8221;20&#8243; button_one_border_width=&#8221;2&#8243; button_one_border_radius=&#8221;3&#8243; button_one_letter_spacing=&#8221;0&#8243; button_one_use_icon=&#8221;default&#8221; button_one_icon_placement=&#8221;right&#8221; button_one_on_hover=&#8221;on&#8221; button_one_border_radius_hover=&#8221;3&#8243; button_one_letter_spacing_hover=&#8221;0&#8243; custom_button_two=&#8221;off&#8221; button_two_text_size=&#8221;20&#8243; button_two_border_width=&#8221;2&#8243; button_two_border_radius=&#8221;3&#8243; button_two_letter_spacing=&#8221;0&#8243; button_two_use_icon=&#8221;default&#8221; button_two_icon_placement=&#8221;right&#8221; button_two_on_hover=&#8221;on&#8221; button_two_border_radius_hover=&#8221;3&#8243; button_two_letter_spacing_hover=&#8221;0&#8243; background_image=&#8221;http:\/\/confe.org\/wp\/wp-content\/uploads\/2015\/05\/quienes-somos.jpg&#8221; _builder_version=&#8221;3.0.85&#8243; \/][\/et_pb_section][et_pb_section bb_built=&#8221;1&#8243; admin_label=&#8221;section&#8221; fullwidth=&#8221;off&#8221; specialty=&#8221;off&#8221; background_color=&#8221;#ffffff&#8221; inner_shadow=&#8221;on&#8221; parallax=&#8221;off&#8221; transparent_background=&#8221;off&#8221; allow_player_pause=&#8221;off&#8221; parallax_method=&#8221;off&#8221; padding_mobile=&#8221;off&#8221; make_fullwidth=&#8221;off&#8221; use_custom_width=&#8221;off&#8221; width_unit=&#8221;on&#8221; make_equal=&#8221;off&#8221; use_custom_gutter=&#8221;off&#8221; gutter_width=&#8221;3&#8243; custom_padding_tablet=&#8221;50px|0|50px|0&#8243; custom_padding_last_edited=&#8221;on|desktop&#8221;][et_pb_row background_position=&#8221;top_left&#8221; background_repeat=&#8221;repeat&#8221; background_size=&#8221;initial&#8221;][et_pb_column type=&#8221;1_4&#8243;][et_pb_text global_module=&#8221;1656&#8243; saved_tabs=&#8221;all&#8221; background_layout=&#8221;light&#8221; text_orientation=&#8221;left&#8221; module_class=&#8221;mayusculas azul&#8221; text_font=&#8221;Lato|on|||&#8221; text_font_size=&#8221;15&#8243; use_border_color=&#8221;off&#8221; border_color=&#8221;#ffffff&#8221; border_style=&#8221;solid&#8221; module_alignment=&#8221;left&#8221; background_position=&#8221;top_left&#8221; background_repeat=&#8221;repeat&#8221; background_size=&#8221;initial&#8221;]<\/p>\n<h4 class=\"no_transform borde_inferior_azul\">Men\u00fa <span class=\"azul_span\">nosotros<\/span><\/h4>\n<p style=\"margin-top: 15px;\"><a href=\"http:\/\/confe.org\/wp\/index.php\/que-es-la-discapacidad-intelectual\/\">\u00bfQu\u00e9 es la discapacidad intelectual?<\/a><\/p>\n<p><a href=\"http:\/\/confe.org\/wp\/index.php\/quienes-somos\/\">\u00bfQui\u00e9nes somos?<\/a><\/p>\n<p><a href=\"http:\/\/confe.org\/wp\/index.php\/historia\/\">Historia<\/a><\/p>\n<p><a href=\"http:\/\/confe.org\/wp\/index.php\/transparencia\/\">Transparencia<\/a><\/p>\n<p><a href=\"http:\/\/confe.org\/wp\/index.php\/aviso-de-privacidad\/\">Aviso de privacidad<\/a><\/p>\n<p>[\/et_pb_text][et_pb_slider show_arrows=&#8221;off&#8221; show_pagination=&#8221;off&#8221; auto=&#8221;on&#8221; auto_ignore_hover=&#8221;off&#8221; parallax=&#8221;off&#8221; parallax_method=&#8221;off&#8221; remove_inner_shadow=&#8221;off&#8221; background_position=&#8221;default&#8221; background_size=&#8221;default&#8221; hide_content_on_mobile=&#8221;off&#8221; hide_cta_on_mobile=&#8221;off&#8221; show_image_video_mobile=&#8221;off&#8221; header_font_size=&#8221;18&#8243; body_font_size=&#8221;16&#8243; custom_button=&#8221;on&#8221; button_text_size=&#8221;20&#8243; button_border_width=&#8221;3&#8243; button_border_radius=&#8221;7&#8243; button_letter_spacing=&#8221;0&#8243; button_use_icon=&#8221;default&#8221; button_icon_placement=&#8221;right&#8221; button_on_hover=&#8221;on&#8221; button_border_radius_hover=&#8221;0&#8243; button_letter_spacing_hover=&#8221;0&#8243; auto_speed=&#8221;3000&#8243; button_font=&#8221;Gloria Hallelujah||||&#8221; header_text_color=&#8221;#06478b&#8221; button_icon=&#8221;%%141%%&#8221; button_border_color=&#8221;#ffffff&#8221; module_class=&#8221;sombraTextosDark&#8221; saved_tabs=&#8221;all&#8221; global_module=&#8221;2895&#8243; show_inner_shadow=&#8221;off&#8221; show_content_on_mobile=&#8221;off&#8221; show_cta_on_mobile=&#8221;off&#8221;]<\/p>\n<p>[et_pb_slide heading=&#8221;Tu donaci\u00f3n es indispensable&#8221; background_position=&#8221;default&#8221; background_size=&#8221;default&#8221; alignment=&#8221;center&#8221; background_layout=&#8221;light&#8221; allow_player_pause=&#8221;off&#8221; header_font_select=&#8221;default&#8221; body_font_select=&#8221;default&#8221; custom_button=&#8221;on&#8221; button_font_select=&#8221;default&#8221; button_use_icon=&#8221;on&#8221; button_icon_placement=&#8221;right&#8221; button_on_hover=&#8221;on&#8221; background_image=&#8221;http:\/\/confe.org\/wp\/wp-content\/uploads\/2015\/06\/dona-llamado-accion13.jpg&#8221; background_color=&#8221;#ffffff&#8221; button_text=&#8221;Dona&#8221; button_link=&#8221;http:\/\/confe.org\/wp\/index.php\/dona\/&#8221; button_text_color=&#8221;#ffffff&#8221; button_bg_color=&#8221;#06478b&#8221; body_font_size=&#8221;2&#8243; body_text_color=&#8221;#06478b&#8221; button_border_width=&#8221;2&#8243; button_border_color=&#8221;#ffffff&#8221; button_icon=&#8221;%%257%%&#8221; button_icon_color=&#8221;#ffffff&#8221; button_border_radius=&#8221;3&#8243;][\/et_pb_slide][et_pb_slide heading=&#8221;Muchos te lo agradecer\u00e1n&#8221; background_image=&#8221;http:\/\/confe.org\/wp\/wp-content\/uploads\/2015\/06\/dona-llamado-accion23.jpg&#8221; background_position=&#8221;default&#8221; background_size=&#8221;default&#8221; background_color=&#8221;#ffffff&#8221; alignment=&#8221;center&#8221; background_layout=&#8221;light&#8221; allow_player_pause=&#8221;off&#8221; header_font_select=&#8221;default&#8221; body_font_select=&#8221;default&#8221; custom_button=&#8221;on&#8221; button_font_select=&#8221;default&#8221; button_use_icon=&#8221;default&#8221; button_icon_placement=&#8221;right&#8221; button_on_hover=&#8221;on&#8221; button_text=&#8221;Dona&#8221; button_link=&#8221;http:\/\/confe.org\/wp\/index.php\/dona\/&#8221; button_text_color=&#8221;#ffffff&#8221; button_bg_color=&#8221;#06478b&#8221; button_icon=&#8221;%%257%%&#8221; button_border_width=&#8221;2&#8243; button_border_color=&#8221;#ffffff&#8221; button_border_radius=&#8221;0&#8243;][\/et_pb_slide]<\/p>\n<p>[\/et_pb_slider][\/et_pb_column][et_pb_column type=&#8221;3_4&#8243;][et_pb_text admin_label=&#8221;Qui\u00e9nes somos &#8211; Historia&#8221; background_layout=&#8221;light&#8221; module_class=&#8221;azul&#8221; module_alignment=&#8221;left&#8221; background_position=&#8221;top_left&#8221; background_repeat=&#8221;repeat&#8221; background_size=&#8221;initial&#8221; _builder_version=&#8221;3.0.85&#8243;]<\/p>\n<h1><span class=\"azul_span\">Historia<\/span><\/h1>\n<p>Por iniciativa de un grupo de padres de familia y profesionistas que ten\u00edan un v\u00ednculo directo con personas con discapacidad intelectual, en el a\u00f1o de 1978, se funda la Confederaci\u00f3n Mexicana de Organizaciones en favor de la Persona con Discapacidad Intelectual, A.C., con el objetivo de contribuir a lograr una calidad de vida digna y justa para las personas con discapacidad intelectual y sus familias y su plena inclusi\u00f3n a la sociedad. Despu\u00e9s de unos a\u00f1os, los fundadores deciden fortalecerla creando Instituci\u00f3n Confe en favor de la Persona con Deficiencia Mental A.C., con los siguientes objetivos:<\/p>\n<p><a href=\"http:\/\/confe.org\/wp\/wp-content\/uploads\/2015\/05\/historia.jpg\"><img loading=\"lazy\" decoding=\"async\" class=\"aligncenter size-full wp-image-2690\" src=\"http:\/\/confe.org\/wp\/wp-content\/uploads\/2015\/05\/historia.jpg\" alt=\"historia\" width=\"780\" height=\"407\" srcset=\"https:\/\/institucionconfe.org.mx\/wp-content\/uploads\/2015\/05\/historia.jpg 780w, https:\/\/institucionconfe.org.mx\/wp-content\/uploads\/2015\/05\/historia-300x157.jpg 300w\" sizes=\"(max-width: 780px) 100vw, 780px\" \/><\/a><\/p>\n<ul>\n<li>Recabar fondos para apoyar la causa de la deficiencia mental (hoy Discapacidad Intelectual).<\/li>\n<li>Impulsar y apoyar moral, t\u00e9cnica y econ\u00f3micamente la creaci\u00f3n de residencias hogar, talleres protegidos, centros de educaci\u00f3n especial y cualquier instituci\u00f3n que su objetivo principal sea beneficiar a personas con deficiencia mental (Discapacidad Intelectual).<\/li>\n<li>Fundar unidades habitacionales piloto para lograr la autosuficiencia del deficiente mental (la persona con discapacidad intelectual).<\/li>\n<\/ul>\n<p>A partir del 22 de enero de 1993 pasa a formar parte de la Junta de Asistencia Privada del Distrito Federal como Instituci\u00f3n de Asistencia Privada (I.A.P). <\/p>\n<p>Durante todos estos a\u00f1os, ha beneficiado mediante la canalizaci\u00f3n de recursos econ\u00f3micos tanto a la Confederaci\u00f3n Mexicana de Organizaciones en favor de la Persona con Discapacidad Intelectual, A.C., a quienes se capacitan en el Centro Nacional de Capacitaci\u00f3n CONFE, y a las organizaciones de la RED CONFE, as\u00ed como a Residencia Hogar Jos\u00e9 Barroso Ch\u00e1vez, I.A.P. con el fin de dar cumplimiento a su objetivo fundacional.<\/p>\n<p>En 2014, de acuerdo con lo establecido en la Convenci\u00f3n sobre los Derechos de las Personas con Discapacidad, cambi\u00f3 su raz\u00f3n social a Instituci\u00f3n Confe a favor de la Persona con Discapacidad Intelectual, I.A.P.<\/p>\n<p><strong>En el a\u00f1o 2017, la instituci\u00f3n actualiza sus estatutos y modifica los objetivos a:<\/strong><\/p>\n<ol style=\"margin-top: 20px; padding-left: 5px;\">\n<li>Llevar a cabo todo tipo de acciones dirigidas a incrementar las competencias sociales y capacidades patrimoniales de los individuos con discapacidad intelectual y sus familias de escasos recursos. Esto con el objetivo de lograr su inclusi\u00f3n a una vida familiar, laboral y social plena.<\/li>\n<li style=\"margin-top: 10px;\">Apoyar econ\u00f3mica y t\u00e9cnicamente las actividades de personas morales, principalmente Residencias Hogar, Centros Laborales y Centros de Educaci\u00f3n Especial autorizadas para recibir donativos deducibles en t\u00e9rminos de la ley del impuesto sobre la renta siempre que dichas personas tengan en su objeto la atenci\u00f3n de personas con discapacidad intelectual.<\/li>\n<\/ol>\n<p>[\/et_pb_text][\/et_pb_column][\/et_pb_row][\/et_pb_section]<\/p>\n","protected":false},"excerpt":{"rendered":"<p>Men\u00fa nosotros \u00bfQu\u00e9 es la discapacidad intelectual? \u00bfQui\u00e9nes somos? Historia Transparencia Aviso de privacidad Historia Por iniciativa de un grupo de padres de familia y profesionistas que ten\u00edan un v\u00ednculo directo con personas con discapacidad intelectual, en el a\u00f1o de 1978, se funda la Confederaci\u00f3n Mexicana de Organizaciones en favor de la Persona con Discapacidad [&hellip;]<\/p>\n","protected":false},"author":1,"featured_media":0,"parent":0,"menu_order":0,"comment_status":"open","ping_status":"open","template":"","meta":{"_et_pb_use_builder":"on","_et_pb_old_content":"","_et_gb_content_width":"","footnotes":""},"class_list":["post-67","page","type-page","status-publish","hentry"],"_links":{"self":[{"href":"https:\/\/institucionconfe.org.mx\/index.php\/wp-json\/wp\/v2\/pages\/67","targetHints":{"allow":["GET"]}}],"collection":[{"href":"https:\/\/institucionconfe.org.mx\/index.php\/wp-json\/wp\/v2\/pages"}],"about":[{"href":"https:\/\/institucionconfe.org.mx\/index.php\/wp-json\/wp\/v2\/types\/page"}],"author":[{"embeddable":true,"href":"https:\/\/institucionconfe.org.mx\/index.php\/wp-json\/wp\/v2\/users\/1"}],"replies":[{"embeddable":true,"href":"https:\/\/institucionconfe.org.mx\/index.php\/wp-json\/wp\/v2\/comments?post=67"}],"version-history":[{"count":28,"href":"https:\/\/institucionconfe.org.mx\/index.php\/wp-json\/wp\/v2\/pages\/67\/revisions"}],"predecessor-version":[{"id":6207,"href":"https:\/\/institucionconfe.org.mx\/index.php\/wp-json\/wp\/v2\/pages\/67\/revisions\/6207"}],"wp:attachment":[{"href":"https:\/\/institucionconfe.org.mx\/index.php\/wp-json\/wp\/v2\/media?parent=67"}],"curies":[{"name":"wp","href":"https:\/\/api.w.org\/{rel}","templated":true}]}}